{"id":311,"date":"2020-10-03T15:19:26","date_gmt":"2020-10-03T13:19:26","guid":{"rendered":"http:\/\/192.168.0.25\/?page_id=311"},"modified":"2020-10-03T15:19:26","modified_gmt":"2020-10-03T13:19:26","slug":"le-club","status":"publish","type":"page","link":"http:\/\/badminton-club-auxonnais.fr\/?page_id=311","title":{"rendered":"Le Club"},"content":{"rendered":"\n<p class=\"has-text-align-center\">Le Badminton Club Auxonnais est n\u00e9 d\u2019un projet d\u2019implantation d\u2019un club de badminton par l\u2019agent en charge du d\u00e9veloppement \u00e0 la ligue de badminton de Bourgogne Franche Comt\u00e9, relay\u00e9 par un groupe de travail de joueurs locaux motiv\u00e9s constituant \u00e0 ce jour le bureau du club. Le BCA a \u00e9t\u00e9 cr\u00e9\u00e9 en Juin 2016. Nous saluons et remercions \u00e0 cette occasion, celles et ceux qui nous ont accompagn\u00e9s, aid\u00e9s, tant sur les plans l\u00e9gaux, mat\u00e9riels que financiers \u00e0 savoir la ligue de badminton de Bourgogne Franche Comt\u00e9, le comit\u00e9 d\u00e9partemental de C\u00f4te d\u2019Or et \u00e0 une \u00e9chelle plus locale, la Mairie, l\u2019office des sports et le coll\u00e8ge d\u2019Auxonne.<\/p>\n\n\n\n<p class=\"has-text-align-center\">Le BCA est un club jeune principalement construit autour de comp\u00e9titeurs et passionn\u00e9s de badminton. Depuis sa cr\u00e9ation, le club compte autour de 100 licenci\u00e9s, dont une trentaine de jeunes de moins de 16 ans. La r\u00e9partition des licenci\u00e9s est relativement \u00e9quilibr\u00e9e avec 60% d\u2019hommes et 40% de femmes. Plus d\u2019un tiers des licenci\u00e9s sont des comp\u00e9titeurs, mais le club compte aussi des joueurs souhaitant simplement passer un agr\u00e9able moment de sport et de convivialit\u00e9.<\/p>\n\n\n\n<p class=\"has-text-align-center\">Pour les plus comp\u00e9titeurs, comme pour celles et ceux qui souhaitent s\u2019initier \u00e0 la comp\u00e9tition, le club engage chaque saison plusieurs \u00e9quipes dans le championnat r\u00e9gional et d\u00e9partemental.<\/p>\n\n\n\n<p class=\"has-text-align-center\">D\u00e8s la premi\u00e8re saison, le club a obtenu sa premi\u00e8re plume comme \u00e9cole de badminton, reconnaissance de l\u2019investissement des dirigeants et b\u00e9n\u00e9voles pour un encadrement de qualit\u00e9.<\/p>\n\n\n\n<p class=\"has-text-align-center\">Des rencontres amicales sont organis\u00e9es tout au long des saisons avec d\u2019autres clubs, mais aussi quelques soir\u00e9es et sorties extra badminton afin de partager des moments conviviaux entre les licenci\u00e9s.<\/p>\n\n\n\n<p class=\"has-text-align-center\">Enfin, le badminton reste un sport accessible \u00e0 tous, du jeune au moins jeune et s\u2019adresse aux hommes comme aux femmes. Tant\u00f4t sport individuel, le badminton est aussi un sport d\u2019\u00e9quipe. M\u00eame si les bases techniques sont identiques, chacune de ces cat\u00e9gories, simple, double et mixte, s\u2019accompagne d\u2019une exigence physique et strat\u00e9gique bien diff\u00e9rentes, ce qui en fait un sport complet. Nous souhaitons faire du BCA un club de renomm\u00e9 en C\u00f4te d\u2019Or. Nous avons d\u00e9j\u00e0 marqu\u00e9 les esprits avec de bons r\u00e9sultats sportifs et nous souhaitons profiter de cet \u00e9lan pour asseoir notre position. Alors si l\u2019aventure vous int\u00e9resse, n\u2019h\u00e9sitez pas \u00e0 venir vous renseigner sur notre site Internet ou aupr\u00e8s des dirigeants en s\u00e9ance.<\/p>\n\n\n\n<div class=\"wp-block-image\"><figure class=\"aligncenter size-large\"><img decoding=\"async\" width=\"1024\" height=\"640\" data-src=\"http:\/\/badminton-club-auxonnais.fr\/wp-content\/uploads\/2019\/09\/New-BCA-entete-1024x640.jpg\" alt=\"\" class=\"wp-image-7 lazyload\" data-srcset=\"http:\/\/badminton-club-auxonnais.fr\/wp-content\/uploads\/2019\/09\/New-BCA-entete-1024x640.jpg 1024w, http:\/\/badminton-club-auxonnais.fr\/wp-content\/uploads\/2019\/09\/New-BCA-entete-300x187.jpg 300w, http:\/\/badminton-club-auxonnais.fr\/wp-content\/uploads\/2019\/09\/New-BCA-entete-768x480.jpg 768w, http:\/\/badminton-club-auxonnais.fr\/wp-content\/uploads\/2019\/09\/New-BCA-entete-1536x960.jpg 1536w, http:\/\/badminton-club-auxonnais.fr\/wp-content\/uploads\/2019\/09\/New-BCA-entete-2048x1280.jpg 2048w, http:\/\/badminton-club-auxonnais.fr\/wp-content\/uploads\/2019\/09\/New-BCA-entete-1200x750.jpg 1200w, http:\/\/badminton-club-auxonnais.fr\/wp-content\/uploads\/2019\/09\/New-BCA-entete-1980x1237.jpg 1980w\" data-sizes=\"(max-width: 1024px) 100vw, 1024px\" src=\"data:image\/svg+xml;base64,PHN2ZyB3aWR0aD0iMSIgaGVpZ2h0PSIxIiB4bWxucz0iaHR0cDovL3d3dy53My5vcmcvMjAwMC9zdmciPjwvc3ZnPg==\" style=\"--smush-placeholder-width: 1024px; --smush-placeholder-aspect-ratio: 1024\/640;\" \/><\/figure><\/div>\n","protected":false},"excerpt":{"rendered":"<p>Le Badminton Club Auxonnais est n\u00e9 d\u2019un projet d\u2019implantation d\u2019un club de badminton par l\u2019agent en charge du d\u00e9veloppement \u00e0 la ligue de badminton de Bourgogne Franche Comt\u00e9, relay\u00e9 par un groupe de travail de joueurs locaux motiv\u00e9s constituant \u00e0 ce jour le bureau du club. Le BCA a \u00e9t\u00e9 cr\u00e9\u00e9 en Juin 2016. Nous [&hellip;]<\/p>\n","protected":false},"author":1,"featured_media":0,"parent":0,"menu_order":0,"comment_status":"closed","ping_status":"closed","template":"","meta":{"_bbp_topic_count":0,"_bbp_reply_count":0,"_bbp_total_topic_count":0,"_bbp_total_reply_count":0,"_bbp_voice_count":0,"_bbp_anonymous_reply_count":0,"_bbp_topic_count_hidden":0,"_bbp_reply_count_hidden":0,"_bbp_forum_subforum_count":0,"footnotes":""},"class_list":["post-311","page","type-page","status-publish","hentry"],"_links":{"self":[{"href":"http:\/\/badminton-club-auxonnais.fr\/index.php?rest_route=\/wp\/v2\/pages\/311","targetHints":{"allow":["GET"]}}],"collection":[{"href":"http:\/\/badminton-club-auxonnais.fr\/index.php?rest_route=\/wp\/v2\/pages"}],"about":[{"href":"http:\/\/badminton-club-auxonnais.fr\/index.php?rest_route=\/wp\/v2\/types\/page"}],"author":[{"embeddable":true,"href":"http:\/\/badminton-club-auxonnais.fr\/index.php?rest_route=\/wp\/v2\/users\/1"}],"replies":[{"embeddable":true,"href":"http:\/\/badminton-club-auxonnais.fr\/index.php?rest_route=%2Fwp%2Fv2%2Fcomments&post=311"}],"version-history":[{"count":0,"href":"http:\/\/badminton-club-auxonnais.fr\/index.php?rest_route=\/wp\/v2\/pages\/311\/revisions"}],"wp:attachment":[{"href":"http:\/\/badminton-club-auxonnais.fr\/index.php?rest_route=%2Fwp%2Fv2%2Fmedia&parent=311"}],"curies":[{"name":"wp","href":"https:\/\/api.w.org\/{rel}","templated":true}]}}