{"id":228,"date":"2020-10-03T13:12:31","date_gmt":"2020-10-03T11:12:31","guid":{"rendered":"http:\/\/192.168.0.25\/?page_id=228"},"modified":"2025-08-01T14:28:39","modified_gmt":"2025-08-01T12:28:39","slug":"le-bureau","status":"publish","type":"page","link":"http:\/\/badminton-club-auxonnais.fr\/?page_id=228","title":{"rendered":"Le Bureau"},"content":{"rendered":"\n<p class=\"has-text-align-center\">Dominique LEGAY &#8211; Pr\u00e9sident<\/p>\n\n\n\n<p><\/p>\n\n\n\n<p><\/p>\n\n\n\n<div class=\"wp-block-columns is-layout-flex wp-container-core-columns-is-layout-9d6595d7 wp-block-columns-is-layout-flex\">\n<div class=\"wp-block-column is-layout-flow wp-block-column-is-layout-flow\">\n<p class=\"has-text-align-center\">Laure MAUSSERVEY &#8211; Tr\u00e9sori\u00e8re<\/p>\n\n\n\n<p class=\"has-text-align-center\">Romain AUDIFFRED &#8211; Commission tournoi<\/p>\n\n\n\n<p class=\"has-text-align-center\">Thibaut TREMBLAIS &#8211; Communication<\/p>\n<\/div>\n\n\n\n<div class=\"wp-block-column is-layout-flow wp-block-column-is-layout-flow\">\n<p class=\"has-text-align-center\">Aline ELUIN &#8211; Secr\u00e9taire<\/p>\n\n\n\n<p class=\"has-text-align-center\">V\u00e9ronique THOMAS &#8211; Secr\u00e9taire adjointe<\/p>\n\n\n\n<p class=\"has-text-align-center\">Maxime PERNET &#8211; Communication<\/p>\n<\/div>\n<\/div>\n\n\n\n<p><\/p>\n","protected":false},"excerpt":{"rendered":"<p>Dominique LEGAY &#8211; Pr\u00e9sident Laure MAUSSERVEY &#8211; Tr\u00e9sori\u00e8re Romain AUDIFFRED &#8211; Commission tournoi Thibaut TREMBLAIS &#8211; Communication Aline ELUIN &#8211; Secr\u00e9taire V\u00e9ronique THOMAS &#8211; Secr\u00e9taire adjointe Maxime PERNET &#8211; Communication<\/p>\n","protected":false},"author":1,"featured_media":0,"parent":0,"menu_order":0,"comment_status":"closed","ping_status":"closed","template":"","meta":{"_bbp_topic_count":0,"_bbp_reply_count":0,"_bbp_total_topic_count":0,"_bbp_total_reply_count":0,"_bbp_voice_count":0,"_bbp_anonymous_reply_count":0,"_bbp_topic_count_hidden":0,"_bbp_reply_count_hidden":0,"_bbp_forum_subforum_count":0,"footnotes":""},"class_list":["post-228","page","type-page","status-publish","hentry"],"_links":{"self":[{"href":"http:\/\/badminton-club-auxonnais.fr\/index.php?rest_route=\/wp\/v2\/pages\/228","targetHints":{"allow":["GET"]}}],"collection":[{"href":"http:\/\/badminton-club-auxonnais.fr\/index.php?rest_route=\/wp\/v2\/pages"}],"about":[{"href":"http:\/\/badminton-club-auxonnais.fr\/index.php?rest_route=\/wp\/v2\/types\/page"}],"author":[{"embeddable":true,"href":"http:\/\/badminton-club-auxonnais.fr\/index.php?rest_route=\/wp\/v2\/users\/1"}],"replies":[{"embeddable":true,"href":"http:\/\/badminton-club-auxonnais.fr\/index.php?rest_route=%2Fwp%2Fv2%2Fcomments&post=228"}],"version-history":[{"count":0,"href":"http:\/\/badminton-club-auxonnais.fr\/index.php?rest_route=\/wp\/v2\/pages\/228\/revisions"}],"wp:attachment":[{"href":"http:\/\/badminton-club-auxonnais.fr\/index.php?rest_route=%2Fwp%2Fv2%2Fmedia&parent=228"}],"curies":[{"name":"wp","href":"https:\/\/api.w.org\/{rel}","templated":true}]}}